{"id":551,"date":"2015-01-01T21:17:35","date_gmt":"2015-01-01T20:17:35","guid":{"rendered":"http:\/\/atelier-jhw.de\/?page_id=551"},"modified":"2026-02-08T14:47:32","modified_gmt":"2026-02-08T13:47:32","slug":"atelier","status":"publish","type":"page","link":"https:\/\/atelier-jhw.de\/en\/atelier\/","title":{"rendered":"Atelier"},"content":{"rendered":"<p><img loading=\"lazy\" decoding=\"async\" class=\"alignright size-large wp-image-2235\" src=\"https:\/\/atelier-jhw.de\/wp-content\/uploads\/0968-Rub-The-Sand-Out-Of-Your-Making-of-1-1200x675.jpg\" alt=\"\" width=\"980\" height=\"551\" srcset=\"https:\/\/atelier-jhw.de\/wp-content\/uploads\/0968-Rub-The-Sand-Out-Of-Your-Making-of-1-1200x675.jpg 1200w, https:\/\/atelier-jhw.de\/wp-content\/uploads\/0968-Rub-The-Sand-Out-Of-Your-Making-of-1-600x338.jpg 600w, https:\/\/atelier-jhw.de\/wp-content\/uploads\/0968-Rub-The-Sand-Out-Of-Your-Making-of-1-768x432.jpg 768w, https:\/\/atelier-jhw.de\/wp-content\/uploads\/0968-Rub-The-Sand-Out-Of-Your-Making-of-1-1536x864.jpg 1536w, https:\/\/atelier-jhw.de\/wp-content\/uploads\/0968-Rub-The-Sand-Out-Of-Your-Making-of-1-210x118.jpg 210w, https:\/\/atelier-jhw.de\/wp-content\/uploads\/0968-Rub-The-Sand-Out-Of-Your-Making-of-1-1960x1103.jpg 1960w\" sizes=\"auto, (max-width: 980px) 100vw, 980px\" \/><\/p>\n<div id='gallery-1' class='gallery galleryid-551 gallery-columns-3 gallery-size-thumbnail'><figure class='gallery-item'>\n\t\t\t<div class='gallery-icon landscape'>\n\t\t\t\t<a href='https:\/\/atelier-jhw.de\/wp-content\/uploads\/IMG_20241028_141828.jpg'><img loading=\"lazy\" decoding=\"async\" width=\"300\" height=\"300\" src=\"https:\/\/atelier-jhw.de\/wp-content\/uploads\/IMG_20241028_141828-300x300.jpg\" class=\"attachment-thumbnail size-thumbnail\" alt=\"Making-of Flicker And Shimmer (Jens H. Westermann)\" \/><\/a>\n\t\t\t<\/div><\/figure><figure class='gallery-item'>\n\t\t\t<div class='gallery-icon landscape'>\n\t\t\t\t<a href='https:\/\/atelier-jhw.de\/wp-content\/uploads\/0982-Flicker-And-Shimmer-1-Making-of.jpg'><img loading=\"lazy\" decoding=\"async\" width=\"300\" height=\"300\" src=\"https:\/\/atelier-jhw.de\/wp-content\/uploads\/0982-Flicker-And-Shimmer-1-Making-of-300x300.jpg\" class=\"attachment-thumbnail size-thumbnail\" alt=\"Making-of Flicker And Shimmer (Jens H. Westermann)\" \/><\/a>\n\t\t\t<\/div><\/figure><figure class='gallery-item'>\n\t\t\t<div class='gallery-icon portrait'>\n\t\t\t\t<a href='https:\/\/atelier-jhw.de\/wp-content\/uploads\/IMG_20221107_175910.jpg'><img loading=\"lazy\" decoding=\"async\" width=\"300\" height=\"300\" src=\"https:\/\/atelier-jhw.de\/wp-content\/uploads\/IMG_20221107_175910-300x300.jpg\" class=\"attachment-thumbnail size-thumbnail\" alt=\"Homework 4 Wochen Kunst (Jens H. Westermann)\" \/><\/a>\n\t\t\t<\/div><\/figure><figure class='gallery-item'>\n\t\t\t<div class='gallery-icon portrait'>\n\t\t\t\t<a href='https:\/\/atelier-jhw.de\/wp-content\/uploads\/IMG_20230604_144321.jpg'><img loading=\"lazy\" decoding=\"async\" width=\"300\" height=\"300\" src=\"https:\/\/atelier-jhw.de\/wp-content\/uploads\/IMG_20230604_144321-300x300.jpg\" class=\"attachment-thumbnail size-thumbnail\" alt=\"Homework 4 Wochen Kunst (Jens H. Westermann)\" \/><\/a>\n\t\t\t<\/div><\/figure><figure class='gallery-item'>\n\t\t\t<div class='gallery-icon portrait'>\n\t\t\t\t<a href='https:\/\/atelier-jhw.de\/wp-content\/uploads\/20210703_151630-rotated.jpg'><img loading=\"lazy\" decoding=\"async\" width=\"300\" height=\"300\" src=\"https:\/\/atelier-jhw.de\/wp-content\/uploads\/20210703_151630-300x300.jpg\" class=\"attachment-thumbnail size-thumbnail\" alt=\"Lux malt im Wohnzimmer (Jens H. Westermann)\" \/><\/a>\n\t\t\t<\/div><\/figure><figure class='gallery-item'>\n\t\t\t<div class='gallery-icon landscape'>\n\t\t\t\t<a href='https:\/\/atelier-jhw.de\/wp-content\/uploads\/20210703_151724.jpg'><img loading=\"lazy\" decoding=\"async\" width=\"300\" height=\"300\" src=\"https:\/\/atelier-jhw.de\/wp-content\/uploads\/20210703_151724-300x300.jpg\" class=\"attachment-thumbnail size-thumbnail\" alt=\"Lux malt im Wohnzimmer (Jens H. Westermann)\" \/><\/a>\n\t\t\t<\/div><\/figure><figure class='gallery-item'>\n\t\t\t<div class='gallery-icon landscape'>\n\t\t\t\t<a href='https:\/\/atelier-jhw.de\/wp-content\/uploads\/Aktuell-2020-Atelier-rotated.jpg'><img loading=\"lazy\" decoding=\"async\" width=\"300\" height=\"300\" src=\"https:\/\/atelier-jhw.de\/wp-content\/uploads\/Aktuell-2020-Atelier-300x300.jpg\" class=\"attachment-thumbnail size-thumbnail\" alt=\"\" \/><\/a>\n\t\t\t<\/div><\/figure><figure class='gallery-item'>\n\t\t\t<div class='gallery-icon landscape'>\n\t\t\t\t<a href='https:\/\/atelier-jhw.de\/wp-content\/uploads\/20200418_172811_4zu3.jpg'><img loading=\"lazy\" decoding=\"async\" width=\"300\" height=\"300\" src=\"https:\/\/atelier-jhw.de\/wp-content\/uploads\/20200418_172811_4zu3-300x300.jpg\" class=\"attachment-thumbnail size-thumbnail\" alt=\"Shared space (Jens H. Westermann) Atelier 2020\" \/><\/a>\n\t\t\t<\/div><\/figure><figure class='gallery-item'>\n\t\t\t<div class='gallery-icon portrait'>\n\t\t\t\t<a href='https:\/\/atelier-jhw.de\/wp-content\/uploads\/20200418_172444_4zu3.jpg'><img loading=\"lazy\" decoding=\"async\" width=\"300\" height=\"300\" src=\"https:\/\/atelier-jhw.de\/wp-content\/uploads\/20200418_172444_4zu3-300x300.jpg\" class=\"attachment-thumbnail size-thumbnail\" alt=\"Portraitservice Beispiele (Jens H. Westermann)\" \/><\/a>\n\t\t\t<\/div><\/figure><figure class='gallery-item'>\n\t\t\t<div class='gallery-icon landscape'>\n\t\t\t\t<a href='https:\/\/atelier-jhw.de\/wp-content\/uploads\/0907_Up_Close_Up_II_Making-of_1.jpg'><img loading=\"lazy\" decoding=\"async\" width=\"300\" height=\"300\" src=\"https:\/\/atelier-jhw.de\/wp-content\/uploads\/0907_Up_Close_Up_II_Making-of_1-300x300.jpg\" class=\"attachment-thumbnail size-thumbnail\" alt=\"Up Close Up im Malstudio (Jens H. Westermann)\" \/><\/a>\n\t\t\t<\/div><\/figure><figure class='gallery-item'>\n\t\t\t<div class='gallery-icon landscape'>\n\t\t\t\t<a href='https:\/\/atelier-jhw.de\/wp-content\/uploads\/0860_Enter_A_New_Field_II_Making-of_detail.jpg'><img loading=\"lazy\" decoding=\"async\" width=\"300\" height=\"300\" src=\"https:\/\/atelier-jhw.de\/wp-content\/uploads\/0860_Enter_A_New_Field_II_Making-of_detail-300x300.jpg\" class=\"attachment-thumbnail size-thumbnail\" alt=\"Enter A New Field im Malstudio (Jens H. Westermann)\" \/><\/a>\n\t\t\t<\/div><\/figure><figure class='gallery-item'>\n\t\t\t<div class='gallery-icon landscape'>\n\t\t\t\t<a href='https:\/\/atelier-jhw.de\/wp-content\/uploads\/0346_Conni_2_Making-Of.jpg'><img loading=\"lazy\" decoding=\"async\" width=\"300\" height=\"300\" src=\"https:\/\/atelier-jhw.de\/wp-content\/uploads\/0346_Conni_2_Making-Of-300x300.jpg\" class=\"attachment-thumbnail size-thumbnail\" alt=\"Portraitservice in eigener Sache (Jens H. Westermann) Conni 2 Making-Of\" \/><\/a>\n\t\t\t<\/div><\/figure><figure class='gallery-item'>\n\t\t\t<div class='gallery-icon landscape'>\n\t\t\t\t<a href='https:\/\/atelier-jhw.de\/wp-content\/uploads\/0861_Dont_Walk_Away_Making-of.jpg'><img loading=\"lazy\" decoding=\"async\" width=\"300\" height=\"300\" src=\"https:\/\/atelier-jhw.de\/wp-content\/uploads\/0861_Dont_Walk_Away_Making-of-300x300.jpg\" class=\"attachment-thumbnail size-thumbnail\" alt=\"Don&#039;t Walk Away im Malstudio (Jens H. Westermann)\" \/><\/a>\n\t\t\t<\/div><\/figure><figure class='gallery-item'>\n\t\t\t<div class='gallery-icon landscape'>\n\t\t\t\t<a href='https:\/\/atelier-jhw.de\/wp-content\/uploads\/IMG_20161104_141241.jpg'><img loading=\"lazy\" decoding=\"async\" width=\"300\" height=\"300\" src=\"https:\/\/atelier-jhw.de\/wp-content\/uploads\/IMG_20161104_141241-300x300.jpg\" class=\"attachment-thumbnail size-thumbnail\" alt=\"Painting Stuff im VHS Malstudio (Jens H. Westermann)\" \/><\/a>\n\t\t\t<\/div><\/figure><figure class='gallery-item'>\n\t\t\t<div class='gallery-icon landscape'>\n\t\t\t\t<a href='https:\/\/atelier-jhw.de\/wp-content\/uploads\/Restriction-Making-of-1b.jpg'><img loading=\"lazy\" decoding=\"async\" width=\"300\" height=\"300\" src=\"https:\/\/atelier-jhw.de\/wp-content\/uploads\/Restriction-Making-of-1b-300x300.jpg\" class=\"attachment-thumbnail size-thumbnail\" alt=\"Restriction Serie im Malstudio (Jens H. Westermann)\" srcset=\"https:\/\/atelier-jhw.de\/wp-content\/uploads\/Restriction-Making-of-1b-300x300.jpg 300w, https:\/\/atelier-jhw.de\/wp-content\/uploads\/Restriction-Making-of-1b-600x600.jpg 600w, https:\/\/atelier-jhw.de\/wp-content\/uploads\/Restriction-Making-of-1b-1200x1200.jpg 1200w, https:\/\/atelier-jhw.de\/wp-content\/uploads\/Restriction-Making-of-1b-768x768.jpg 768w, https:\/\/atelier-jhw.de\/wp-content\/uploads\/Restriction-Making-of-1b-210x210.jpg 210w, https:\/\/atelier-jhw.de\/wp-content\/uploads\/Restriction-Making-of-1b.jpg 1366w\" sizes=\"auto, (max-width: 300px) 100vw, 300px\" \/><\/a>\n\t\t\t<\/div><\/figure><figure class='gallery-item'>\n\t\t\t<div class='gallery-icon landscape'>\n\t\t\t\t<a href='https:\/\/atelier-jhw.de\/wp-content\/uploads\/IMG_20171113_114348.jpg'><img loading=\"lazy\" decoding=\"async\" width=\"300\" height=\"300\" src=\"https:\/\/atelier-jhw.de\/wp-content\/uploads\/IMG_20171113_114348-300x300.jpg\" class=\"attachment-thumbnail size-thumbnail\" alt=\"Taschenkunst im Fabrikatelier (Jens H. Westermann)\" \/><\/a>\n\t\t\t<\/div><\/figure><figure class='gallery-item'>\n\t\t\t<div class='gallery-icon landscape'>\n\t\t\t\t<a href='https:\/\/atelier-jhw.de\/wp-content\/uploads\/IMG_20171113_114611-1.jpg'><img loading=\"lazy\" decoding=\"async\" width=\"300\" height=\"300\" src=\"https:\/\/atelier-jhw.de\/wp-content\/uploads\/IMG_20171113_114611-1-300x300.jpg\" class=\"attachment-thumbnail size-thumbnail\" alt=\"Klasse Bedingungen im Fabrikatelier (Jens H. Westermann)\" \/><\/a>\n\t\t\t<\/div><\/figure><figure class='gallery-item'>\n\t\t\t<div class='gallery-icon portrait'>\n\t\t\t\t<a href='https:\/\/atelier-jhw.de\/wp-content\/uploads\/0886-Greenery-Snowdrop-Making-of-2-rotated.jpg'><img loading=\"lazy\" decoding=\"async\" width=\"300\" height=\"300\" src=\"https:\/\/atelier-jhw.de\/wp-content\/uploads\/0886-Greenery-Snowdrop-Making-of-2-300x300.jpg\" class=\"attachment-thumbnail size-thumbnail\" alt=\"Gro\u00dfformate im Malstudio (Jens H. Westermann)\" \/><\/a>\n\t\t\t<\/div><\/figure><figure class='gallery-item'>\n\t\t\t<div class='gallery-icon landscape'>\n\t\t\t\t<a href='https:\/\/atelier-jhw.de\/wp-content\/uploads\/PICT2610.jpg'><img loading=\"lazy\" decoding=\"async\" width=\"300\" height=\"300\" src=\"https:\/\/atelier-jhw.de\/wp-content\/uploads\/PICT2610-300x300.jpg\" class=\"attachment-thumbnail size-thumbnail\" alt=\"Gro\u00dfformate in der St.-J\u00fcrgen-Stra\u00dfe (Jens H. Westermann)\" \/><\/a>\n\t\t\t<\/div><\/figure><figure class='gallery-item'>\n\t\t\t<div class='gallery-icon landscape'>\n\t\t\t\t<a href='https:\/\/atelier-jhw.de\/wp-content\/uploads\/Making-of_Aepfel.jpg'><img loading=\"lazy\" decoding=\"async\" width=\"300\" height=\"300\" src=\"https:\/\/atelier-jhw.de\/wp-content\/uploads\/Making-of_Aepfel-300x300.jpg\" class=\"attachment-thumbnail size-thumbnail\" alt=\"Gro\u00dfformate in der St.-J\u00fcrgen-Stra\u00dfe (Jens H. Westermann)\" \/><\/a>\n\t\t\t<\/div><\/figure><figure class='gallery-item'>\n\t\t\t<div class='gallery-icon landscape'>\n\t\t\t\t<a href='https:\/\/atelier-jhw.de\/wp-content\/uploads\/Mars-At-Sleep-Making-of-1.jpg'><img loading=\"lazy\" decoding=\"async\" width=\"300\" height=\"300\" src=\"https:\/\/atelier-jhw.de\/wp-content\/uploads\/Mars-At-Sleep-Making-of-1-300x300.jpg\" class=\"attachment-thumbnail size-thumbnail\" alt=\"Gro\u00dfformate in der St.-J\u00fcrgen-Stra\u00dfe (Jens H. Westermann)\" \/><\/a>\n\t\t\t<\/div><\/figure><figure class='gallery-item'>\n\t\t\t<div class='gallery-icon landscape'>\n\t\t\t\t<a href='https:\/\/atelier-jhw.de\/wp-content\/uploads\/Making-of_irgendwas.jpg'><img loading=\"lazy\" decoding=\"async\" width=\"300\" height=\"300\" src=\"https:\/\/atelier-jhw.de\/wp-content\/uploads\/Making-of_irgendwas-300x300.jpg\" class=\"attachment-thumbnail size-thumbnail\" alt=\"Making-of irgendwas Detail (Jens H. Westermann)\" \/><\/a>\n\t\t\t<\/div><\/figure><figure class='gallery-item'>\n\t\t\t<div class='gallery-icon landscape'>\n\t\t\t\t<a href='https:\/\/atelier-jhw.de\/wp-content\/uploads\/PICT2294.jpg'><img loading=\"lazy\" decoding=\"async\" width=\"300\" height=\"300\" src=\"https:\/\/atelier-jhw.de\/wp-content\/uploads\/PICT2294-300x300.jpg\" class=\"attachment-thumbnail size-thumbnail\" alt=\"Jens H. Westermann\" \/><\/a>\n\t\t\t<\/div><\/figure><figure class='gallery-item'>\n\t\t\t<div class='gallery-icon landscape'>\n\t\t\t\t<a href='https:\/\/atelier-jhw.de\/wp-content\/uploads\/PICT2289.jpg'><img loading=\"lazy\" decoding=\"async\" width=\"300\" height=\"300\" src=\"https:\/\/atelier-jhw.de\/wp-content\/uploads\/PICT2289-300x300.jpg\" class=\"attachment-thumbnail size-thumbnail\" alt=\"Jens H. Westermann\" \/><\/a>\n\t\t\t<\/div><\/figure>\n\t\t<\/div>\n\n<p><span style=\"border-radius: 2px; text-indent: 20px; width: auto; padding: 0px 4px 0px 0px; text-align: center; font: bold 11px\/20px 'Helvetica Neue',Helvetica,sans-serif; color: #ffffff; background: #bd081c no-repeat scroll 3px 50% \/ 14px 14px; position: absolute; opacity: 1; z-index: 8675309; display: none; cursor: pointer;\">Merken<\/span><\/p>\n<p><span style=\"border-radius: 2px; text-indent: 20px; width: auto; padding: 0px 4px 0px 0px; text-align: center; font: bold 11px\/20px 'Helvetica Neue',Helvetica,sans-serif; color: #ffffff; background: #bd081c no-repeat scroll 3px 50% \/ 14px 14px; position: absolute; opacity: 1; z-index: 8675309; display: none; cursor: pointer;\">Merken<\/span><\/p>\n<p><span style=\"border-radius: 2px; text-indent: 20px; width: auto; padding: 0px 4px 0px 0px; text-align: center; font: bold 11px\/20px 'Helvetica Neue',Helvetica,sans-serif; color: #ffffff; background: #bd081c no-repeat scroll 3px 50% \/ 14px 14px; position: absolute; opacity: 1; z-index: 8675309; display: none; cursor: pointer;\">Merken<\/span><\/p>\n<p><span style=\"border-radius: 2px; text-indent: 20px; width: auto; padding: 0px 4px 0px 0px; text-align: center; font: bold 11px\/20px 'Helvetica Neue',Helvetica,sans-serif; color: #ffffff; background: #bd081c no-repeat scroll 3px 50% \/ 14px 14px; position: absolute; opacity: 1; z-index: 8675309; display: none; cursor: pointer;\">Merken<\/span><\/p>\n<p><span style=\"border-radius: 2px; text-indent: 20px; width: auto; padding: 0px 4px 0px 0px; text-align: center; font: bold 11px\/20px 'Helvetica Neue',Helvetica,sans-serif; color: #ffffff; background: #bd081c no-repeat scroll 3px 50% \/ 14px 14px; position: absolute; opacity: 1; z-index: 8675309; display: none; cursor: pointer;\">Merken<\/span><\/p>\n<p><span style=\"border-radius: 2px; text-indent: 20px; width: auto; padding: 0px 4px 0px 0px; text-align: center; font: bold 11px\/20px 'Helvetica Neue',Helvetica,sans-serif; color: #ffffff; background: #bd081c no-repeat scroll 3px 50% \/ 14px 14px; position: absolute; opacity: 1; z-index: 8675309; display: none; cursor: pointer;\">Merken<\/span><\/p>\n<p><span style=\"border-radius: 2px; text-indent: 20px; width: auto; padding: 0px 4px 0px 0px; text-align: center; font: bold 11px\/20px 'Helvetica Neue',Helvetica,sans-serif; color: #ffffff; background: #bd081c no-repeat scroll 3px 50% \/ 14px 14px; position: absolute; opacity: 1; z-index: 8675309; display: none; cursor: pointer;\">Merken<\/span><\/p>\n<p><span style=\"border-radius: 2px; text-indent: 20px; width: auto; padding: 0px 4px 0px 0px; text-align: center; font: bold 11px\/20px 'Helvetica Neue',Helvetica,sans-serif; color: #ffffff; background: #bd081c no-repeat scroll 3px 50% \/ 14px 14px; position: absolute; opacity: 1; z-index: 8675309; display: none; cursor: pointer;\">Merken<\/span><\/p>\n","protected":false},"excerpt":{"rendered":"<p>Merken Merken Merken Merken Merken Merken Merken Merken<\/p>\n","protected":false},"author":1,"featured_media":0,"parent":0,"menu_order":4,"comment_status":"closed","ping_status":"closed","template":"page-full-width.php","meta":{"cybocfi_hide_featured_image":"","footnotes":""},"class_list":["post-551","page","type-page","status-publish","hentry"],"translation":{"provider":"WPGlobus","version":"3.0.2","language":"en","enabled_languages":["de","en"],"languages":{"de":{"title":true,"content":true,"excerpt":false},"en":{"title":true,"content":true,"excerpt":false}}},"_links":{"self":[{"href":"https:\/\/atelier-jhw.de\/en\/wp-json\/wp\/v2\/pages\/551","targetHints":{"allow":["GET"]}}],"collection":[{"href":"https:\/\/atelier-jhw.de\/en\/wp-json\/wp\/v2\/pages"}],"about":[{"href":"https:\/\/atelier-jhw.de\/en\/wp-json\/wp\/v2\/types\/page"}],"author":[{"embeddable":true,"href":"https:\/\/atelier-jhw.de\/en\/wp-json\/wp\/v2\/users\/1"}],"replies":[{"embeddable":true,"href":"https:\/\/atelier-jhw.de\/en\/wp-json\/wp\/v2\/comments?post=551"}],"version-history":[{"count":42,"href":"https:\/\/atelier-jhw.de\/en\/wp-json\/wp\/v2\/pages\/551\/revisions"}],"predecessor-version":[{"id":2490,"href":"https:\/\/atelier-jhw.de\/en\/wp-json\/wp\/v2\/pages\/551\/revisions\/2490"}],"wp:attachment":[{"href":"https:\/\/atelier-jhw.de\/en\/wp-json\/wp\/v2\/media?parent=551"}],"curies":[{"name":"wp","href":"https:\/\/api.w.org\/{rel}","templated":true}]}}